{"id":1193,"date":"2014-01-26T16:33:38","date_gmt":"2014-01-26T16:33:38","guid":{"rendered":"https:\/\/expo98.dev2.shareit.dev\/home-2-2\/"},"modified":"2023-05-09T17:14:22","modified_gmt":"2023-05-09T16:14:22","slug":"home-2","status":"publish","type":"page","link":"https:\/\/memoriasexpo-stg.shareit.pt\/en\/","title":{"rendered":"Remembering Expo\u201998 at Meli\u00e1 Lisboa Oriente Hotel"},"content":{"rendered":"","protected":false},"excerpt":{"rendered":"","protected":false},"author":6,"featured_media":1345,"parent":0,"menu_order":0,"comment_status":"open","ping_status":"closed","template":"page_composer.php","meta":[],"yoast_head":"<!-- This site is optimized with the Yoast SEO plugin v20.5 - https:\/\/yoast.com\/wordpress\/plugins\/seo\/ -->\n<title>Remembering Expo\u201998 at Melia Lisboa Oriente Hotel<\/title>\n<meta name=\"description\" content=\"A stone\u2019s throw from the Gare do Oriente station, the Melia Lisboa Oriente hotel was a privileged observer of the greatest event in Portugal\u2019s recent past: Expo 98.\" \/>\n<meta name=\"robots\" content=\"noindex, follow, max-snippet:-1, max-image-preview:large, max-video-preview:-1\" \/>\n<meta property=\"og:locale\" content=\"en_US\" \/>\n<meta property=\"og:type\" content=\"article\" \/>\n<meta property=\"og:title\" content=\"Recordar a Expo98 - by Meli\u00e1 Oriente\" \/>\n<meta property=\"og:description\" content=\"O hotel Meli\u00e1 Oriente foi palco privilegiado do maior evento da hist\u00f3ria recente de Portugal: a Expo\u201998. Guardi\u00e3o de mem\u00f3rias \u00fanicas e irrepet\u00edveis, convida todos a embarcar numa viagem pelos oceanos, o mote da exposi\u00e7\u00e3o. Uma aventura que come\u00e7a neste site e pode terminar num passeio pelo Parque das Na\u00e7\u00f5es, outrora recinto da Exposi\u00e7\u00e3o.\" \/>\n<meta property=\"og:url\" content=\"https:\/\/memoriasexpo-stg.shareit.pt\/en\/\" \/>\n<meta property=\"og:site_name\" content=\"Memoria Expo 98\" \/>\n<meta property=\"article:publisher\" content=\"https:\/\/www.facebook.com\/TrypLisboaOriente\" \/>\n<meta property=\"article:modified_time\" content=\"2023-05-09T16:14:22+00:00\" \/>\n<meta property=\"og:image\" content=\"https:\/\/memoriasexpo-stg.shareit.pt\/wp-content\/uploads\/2015\/05\/TLO_logotipo.png\" \/>\n<meta name=\"twitter:card\" content=\"summary_large_image\" \/>\n<meta name=\"twitter:title\" content=\"Recordar a Expo98 - by Meli\u00e1 Oriente\" \/>\n<meta name=\"twitter:description\" content=\"O hotel Meli\u00e1 Oriente, convida todos a embarcar numa aventura que come\u00e7a neste site numa viagem pela hist\u00f3ria e mem\u00f3rias irrepet\u00edveis da Expo98.\" \/>\n<meta name=\"twitter:image\" content=\"https:\/\/memoriasexpo-stg.shareit.pt\/wp-content\/uploads\/2015\/05\/TLO_logotipo.png\" \/>\n<script type=\"application\/ld+json\" class=\"yoast-schema-graph\">{\"@context\":\"https:\/\/schema.org\",\"@graph\":[{\"@type\":\"WebPage\",\"@id\":\"https:\/\/memoriasexpo-stg.shareit.pt\/en\/\",\"url\":\"https:\/\/memoriasexpo-stg.shareit.pt\/en\/\",\"name\":\"Remembering Expo\u201998 at Melia Lisboa Oriente Hotel\",\"isPartOf\":{\"@id\":\"https:\/\/memoriasexpo-stg.shareit.pt\/#website\"},\"datePublished\":\"2014-01-26T16:33:38+00:00\",\"dateModified\":\"2023-05-09T16:14:22+00:00\",\"description\":\"A stone\u2019s throw from the Gare do Oriente station, the Melia Lisboa Oriente hotel was a privileged observer of the greatest event in Portugal\u2019s recent past: Expo 98.\",\"breadcrumb\":{\"@id\":\"https:\/\/memoriasexpo-stg.shareit.pt\/en\/#breadcrumb\"},\"inLanguage\":\"en-US\",\"potentialAction\":[{\"@type\":\"ReadAction\",\"target\":[\"https:\/\/memoriasexpo-stg.shareit.pt\/en\/\"]}]},{\"@type\":\"BreadcrumbList\",\"@id\":\"https:\/\/memoriasexpo-stg.shareit.pt\/en\/#breadcrumb\",\"itemListElement\":[{\"@type\":\"ListItem\",\"position\":1,\"name\":\"Home\",\"item\":\"https:\/\/memoriasexpo-stg.shareit.pt\/en\/\"},{\"@type\":\"ListItem\",\"position\":2,\"name\":\"Remembering Expo\u201998 at Meli\u00e1 Lisboa Oriente Hotel\"}]},{\"@type\":\"WebSite\",\"@id\":\"https:\/\/memoriasexpo-stg.shareit.pt\/#website\",\"url\":\"https:\/\/memoriasexpo-stg.shareit.pt\/\",\"name\":\"Memoria Expo 98\",\"description\":\"by Tryp Lisboa Oriente\",\"potentialAction\":[{\"@type\":\"SearchAction\",\"target\":{\"@type\":\"EntryPoint\",\"urlTemplate\":\"https:\/\/memoriasexpo-stg.shareit.pt\/?s={search_term_string}\"},\"query-input\":\"required name=search_term_string\"}],\"inLanguage\":\"en-US\"}]}<\/script>\n<!-- \/ Yoast SEO plugin. -->","yoast_head_json":{"title":"Remembering Expo\u201998 at Melia Lisboa Oriente Hotel","description":"A stone\u2019s throw from the Gare do Oriente station, the Melia Lisboa Oriente hotel was a privileged observer of the greatest event in Portugal\u2019s recent past: Expo 98.","robots":{"index":"noindex","follow":"follow","max-snippet":"max-snippet:-1","max-image-preview":"max-image-preview:large","max-video-preview":"max-video-preview:-1"},"og_locale":"en_US","og_type":"article","og_title":"Recordar a Expo98 - by Meli\u00e1 Oriente","og_description":"O hotel Meli\u00e1 Oriente foi palco privilegiado do maior evento da hist\u00f3ria recente de Portugal: a Expo\u201998. Guardi\u00e3o de mem\u00f3rias \u00fanicas e irrepet\u00edveis, convida todos a embarcar numa viagem pelos oceanos, o mote da exposi\u00e7\u00e3o. Uma aventura que come\u00e7a neste site e pode terminar num passeio pelo Parque das Na\u00e7\u00f5es, outrora recinto da Exposi\u00e7\u00e3o.","og_url":"https:\/\/memoriasexpo-stg.shareit.pt\/en\/","og_site_name":"Memoria Expo 98","article_publisher":"https:\/\/www.facebook.com\/TrypLisboaOriente","article_modified_time":"2023-05-09T16:14:22+00:00","og_image":[{"url":"https:\/\/memoriasexpo-stg.shareit.pt\/wp-content\/uploads\/2015\/05\/TLO_logotipo.png"}],"twitter_card":"summary_large_image","twitter_title":"Recordar a Expo98 - by Meli\u00e1 Oriente","twitter_description":"O hotel Meli\u00e1 Oriente, convida todos a embarcar numa aventura que come\u00e7a neste site numa viagem pela hist\u00f3ria e mem\u00f3rias irrepet\u00edveis da Expo98.","twitter_image":"https:\/\/memoriasexpo-stg.shareit.pt\/wp-content\/uploads\/2015\/05\/TLO_logotipo.png","schema":{"@context":"https:\/\/schema.org","@graph":[{"@type":"WebPage","@id":"https:\/\/memoriasexpo-stg.shareit.pt\/en\/","url":"https:\/\/memoriasexpo-stg.shareit.pt\/en\/","name":"Remembering Expo\u201998 at Melia Lisboa Oriente Hotel","isPartOf":{"@id":"https:\/\/memoriasexpo-stg.shareit.pt\/#website"},"datePublished":"2014-01-26T16:33:38+00:00","dateModified":"2023-05-09T16:14:22+00:00","description":"A stone\u2019s throw from the Gare do Oriente station, the Melia Lisboa Oriente hotel was a privileged observer of the greatest event in Portugal\u2019s recent past: Expo 98.","breadcrumb":{"@id":"https:\/\/memoriasexpo-stg.shareit.pt\/en\/#breadcrumb"},"inLanguage":"en-US","potentialAction":[{"@type":"ReadAction","target":["https:\/\/memoriasexpo-stg.shareit.pt\/en\/"]}]},{"@type":"BreadcrumbList","@id":"https:\/\/memoriasexpo-stg.shareit.pt\/en\/#breadcrumb","itemListElement":[{"@type":"ListItem","position":1,"name":"Home","item":"https:\/\/memoriasexpo-stg.shareit.pt\/en\/"},{"@type":"ListItem","position":2,"name":"Remembering Expo\u201998 at Meli\u00e1 Lisboa Oriente Hotel"}]},{"@type":"WebSite","@id":"https:\/\/memoriasexpo-stg.shareit.pt\/#website","url":"https:\/\/memoriasexpo-stg.shareit.pt\/","name":"Memoria Expo 98","description":"by Tryp Lisboa Oriente","potentialAction":[{"@type":"SearchAction","target":{"@type":"EntryPoint","urlTemplate":"https:\/\/memoriasexpo-stg.shareit.pt\/?s={search_term_string}"},"query-input":"required name=search_term_string"}],"inLanguage":"en-US"}]}},"_links":{"self":[{"href":"https:\/\/memoriasexpo-stg.shareit.pt\/en\/wp-json\/wp\/v2\/pages\/1193"}],"collection":[{"href":"https:\/\/memoriasexpo-stg.shareit.pt\/en\/wp-json\/wp\/v2\/pages"}],"about":[{"href":"https:\/\/memoriasexpo-stg.shareit.pt\/en\/wp-json\/wp\/v2\/types\/page"}],"author":[{"embeddable":true,"href":"https:\/\/memoriasexpo-stg.shareit.pt\/en\/wp-json\/wp\/v2\/users\/6"}],"replies":[{"embeddable":true,"href":"https:\/\/memoriasexpo-stg.shareit.pt\/en\/wp-json\/wp\/v2\/comments?post=1193"}],"version-history":[{"count":1,"href":"https:\/\/memoriasexpo-stg.shareit.pt\/en\/wp-json\/wp\/v2\/pages\/1193\/revisions"}],"predecessor-version":[{"id":1346,"href":"https:\/\/memoriasexpo-stg.shareit.pt\/en\/wp-json\/wp\/v2\/pages\/1193\/revisions\/1346"}],"wp:featuredmedia":[{"embeddable":true,"href":"https:\/\/memoriasexpo-stg.shareit.pt\/en\/wp-json\/wp\/v2\/media\/1345"}],"wp:attachment":[{"href":"https:\/\/memoriasexpo-stg.shareit.pt\/en\/wp-json\/wp\/v2\/media?parent=1193"}],"curies":[{"name":"wp","href":"https:\/\/api.w.org\/{rel}","templated":true}]}}